{"id":4733,"date":"2020-12-09T11:34:38","date_gmt":"2020-12-09T10:34:38","guid":{"rendered":"https:\/\/everyday26.de\/agbs\/"},"modified":"2020-12-09T11:34:38","modified_gmt":"2020-12-09T10:34:38","slug":"agbs","status":"publish","type":"page","link":"https:\/\/everyday26.de\/en\/agbs\/","title":{"rendered":"Agb\u00b4s"},"content":{"rendered":"<p class=\"font_8\">Allgemeine Gesch\u00e4ftsbedingungen:<\/p>\n<p class=\"font_8\">\n<p class=\"font_8\">\n<p class=\"font_8\">\u00a7 1 Geltungsbereich<\/p>\n<p class=\"font_8\">\n<p class=\"font_8\">Die Lieferungen, Leistungen und Angebote des Verk\u00e4ufers erfolgen f\u00fcr private Endverbraucher und Unternehmer ausschlie\u00dflich auf Basis dieser Gesch\u00e4ftsbedingungen.<\/p>\n<p class=\"font_8\">\n<p class=\"font_8\">\u00a7 2 Angebot und Vertragsschluss<\/p>\n<p class=\"font_8\">\n<p class=\"font_8\">1. Die Pr\u00e4sentation der Produkte im Online-Shop stellt kein rechtlich bindendes Vertragsangebot unsererseits, sondern lediglich einen unverbindlichen Online-Katalog dar.<\/p>\n<p class=\"font_8\">2. Durch Anklicken der Schaltfl\u00e4che \u201ezahlungspflichtig bestellen\u201c geben Sie eine verbindliche Bestellung der im Warenkorb enthaltenen Waren ab.<\/p>\n<p class=\"font_8\">3. Banshee Bikes Europe ( Inh. Bernhard Jacobi ) ist berechtigt, dieses Angebot innerhalb von 7 Kalendertagen unter Zusendung einer Auftragsbest\u00e4tigung in Form einer E-Mail anzunehmen. Im Falle einer nicht erfolgten Best\u00e4tigung per E-Mail innerhalb der Frist von 7 Kalendertagen gilt das Angebot als abgelehnt.<\/p>\n<p class=\"font_8\">4. Im Falle des Vertragsschlusses kommt der Vertrag mit folgender Firma zustande:<\/p>\n<p class=\"font_8\"><span class=\"wixGuard\">\u200b<\/span><\/p>\n<p class=\"font_8\">Banshee Bikes Europe<\/p>\n<p class=\"font_8\">Inh. Bernhard Jacobi<\/p>\n<p class=\"font_8\">Ohmstr. 6<\/p>\n<p class=\"font_8\">84051 Essenbach &#8211; Altheim<\/p>\n<p class=\"font_8\">Deutschland<\/p>\n<p class=\"font_8\">\n<p class=\"font_8\">\n<p class=\"font_8\">\u00a7 3 Lieferung<\/p>\n<p class=\"font_8\"><span class=\"wixGuard\">\u200b<\/span><\/p>\n<p class=\"font_8\">1.\u00a0\u00a0\u00a0\u00a0\u00a0 Die Lieferung von Waren erfolgt nur solange der Vorrat reicht.<\/p>\n<p class=\"font_8\">2.\u00a0\u00a0\u00a0\u00a0\u00a0 Die Lieferung erfolgt nur innerhalb folgender L\u00e4nder durch Sendung der Ware ab Lager an die vom Kunden vermittelte Adresse:<\/p>\n<p class=\"font_8\">Deutschland, \u00d6sterreich, Schweiz, Polen, Luxemburg, Belgien, Niederlande, Schweden und Italien.<\/p>\n<p class=\"font_8\">Belieferungen anderer L\u00e4nder sind m\u00f6glich, bed\u00fcrfen aber vorheriger Absprache mit Banshee Bikes Europe ( Inh. Bernhard Jacobi ).<\/p>\n<p class=\"font_8\">3.\u00a0\u00a0\u00a0\u00a0\u00a0 Die Lieferfrist betr\u00e4gt im Allgemeinen 5 Werktage ab Versand der Auftragsbest\u00e4tigung, sofern die Zahlung noch am Tage der Auftragsbest\u00e4tigung eingeht. Diese Angabe ist unverbindlich, soweit nicht anders vereinbart.<\/p>\n<p class=\"font_8\">4.\u00a0\u00a0\u00a0\u00a0\u00a0 Die Lieferung erfolgt gegen die in der Auftragsbest\u00e4tigung angegebenen Verpackungs- und Versandkosten.<\/p>\n<p class=\"font_8\">\n<p class=\"font_8\">\n<p class=\"font_8\">\u00a7 4 Zahlung, F\u00e4lligkeit, Zahlungsverzug<\/p>\n<p class=\"font_8\">\n<p class=\"font_8\">1.\u00a0\u00a0\u00a0\u00a0\u00a0 Die Bezahlung der Ware erfolgt per Vorkasse oder Paypal . Banshee Bikes Europe ( Inh. Bernhard Jacobi ) beh\u00e4lt sich das Recht vor, im Einzelfall bestimmte Zahlungsarten auszuschlie\u00dfen.<\/p>\n<p class=\"font_8\">2.\u00a0\u00a0\u00a0\u00a0\u00a0 Zahlungen sind erst nach \u00dcbersendung der Auftragsbest\u00e4tigung f\u00e4llig. Bei Zahlung per PayPal erfolgt die Bezahlung im Bestellprozess.<\/p>\n<p class=\"font_8\">3.\u00a0\u00a0\u00a0\u00a0\u00a0 Mit der Aktualisierung der Internet-Seiten von Banshee Bikes Europe ( Inh. Bernhard Jacobi )werden alle fr\u00fcheren Preise und sonstige Angaben \u00fcber Waren ung\u00fcltig.<\/p>\n<p class=\"font_8\">4.\u00a0\u00a0\u00a0\u00a0\u00a0 Der Preis zum Zeitpunkt der Abgabe des Angebots des Kunden ist ma\u00dfgeblich f\u00fcr die Rechnungsstellung und bindend.<\/p>\n<p class=\"font_8\">\n<p class=\"font_8\"><span class=\"wixGuard\">\u200b<\/span><\/p>\n<p class=\"font_8\">\u00a7 5 Eigentumsvorbehalt<\/p>\n<p class=\"font_8\"><span class=\"wixGuard\">\u200b<\/span><\/p>\n<p class=\"font_8\">Die bestellte Ware bleibt bis zur vollst\u00e4ndigen Bezahlung Eigentum von Banshee Bikes Europe ( Inh. Bernhard Jacobi ). Vor Eigentums\u00fcbertragung ist eine Verpf\u00e4ndung, Sicherungs\u00fcbereignung, Verarbeitung oder Umgestaltung ohne ausdr\u00fcckliche Einwilligung von Banshee Bikes Europe ( Inh. Bernhard Jacobi )nicht zul\u00e4ssig.<\/p>\n<p class=\"font_8\">\n<p class=\"font_8\"><span class=\"wixGuard\">\u200b<\/span><\/p>\n<p class=\"font_8\">\u00a7 6 Gew\u00e4hrleistung<\/p>\n<p class=\"font_8\">\n<p class=\"font_8\">Die Gew\u00e4hrleistung erfolgt nach den gesetzlichen Bestimmungen. Informationen \u00fcber eventuelle zus\u00e4tzliche Herstellergarantien entnehmen Sie den Produktinformationen.<\/p>\n<p class=\"font_8\">\n<p class=\"font_8\"><span class=\"wixGuard\">\u200b<\/span><\/p>\n<p class=\"font_8\">\u00a7 7 Widerrufsbelehrung<\/p>\n<p class=\"font_8\"><span class=\"wixGuard\">\u200b<\/span><\/p>\n<p class=\"font_8\">1.\u00a0\u00a0\u00a0\u00a0\u00a0 Widerrufsrecht<\/p>\n<p class=\"font_8\">Sie haben das Recht, binnen vierzehn Tagen ohne Angabe von Gr\u00fcnden diesen Vertrag zu widerrufen.<\/p>\n<p class=\"font_8\">Die Widerrufsfrist betr\u00e4gt vierzehn Tage ab dem Tag an dem Sie oder ein von Ihnen benannter Dritter, der nicht der Bef\u00f6rderer ist, die letzte Ware in Besitz genommen haben bzw. hat. Sollte die Ware in mehreren Teilsendungen oder St\u00fccken geliefert werden, so beginnt die Widerrufsfrist ab dem Tag, an dem Sie oder ein von Ihnen benannter Dritter, der nicht der Bef\u00f6rderer ist, die letzte Teilsendung oder das letzte St\u00fcck in Besitz genommen haben bzw. hat.<\/p>\n<p class=\"font_8\">Um Ihr Widerrufsrecht auszu\u00fcben, m\u00fcssen Sie uns (Name, Anschrift, Tel-Nr., Telefaxnummer und E-Mail-Adresse)\u00a0\u00a0 mittels einer eindeutigen Erkl\u00e4rung (z.B. ein mit der Post versandter Brief, Telefax oder E-Mail) \u00fcber Ihren Entschluss, diesen Vertrag zu widerrufen, informieren. Sie k\u00f6nnen daf\u00fcr das beigef\u00fcgte Muster-Widerrufsformular verwenden, das jedoch nicht vorgeschrieben ist. Sie k\u00f6nnen das Muster-Widerrufsformular oder eine andere eindeutige Erkl\u00e4rung auch auf unserer Webseite [Internet-Adresse einf\u00fcgen] elektronisch ausf\u00fcllen und \u00fcbermitteln. Machen Sie von dieser M\u00f6glichkeit Gebrauch, so werden wir Ihnen unverz\u00fcglich (z.B. per E-Mail) eine Best\u00e4tigung \u00fcber den Eingang eines solchen Widerrufs \u00fcbermitteln.\u201d<\/p>\n<p class=\"font_8\">Zur Wahrung der Widerrufsfrist reicht es aus, dass Sie die Mitteilung \u00fcber die Aus\u00fcbung des Widerrufsrechts vor Ablauf der Widerrufsfrist absenden.<\/p>\n<p class=\"font_8\">2.\u00a0\u00a0\u00a0\u00a0\u00a0 Folgen des Widerrufs<\/p>\n<p class=\"font_8\">Wenn Sie diesen Vertrag widerrufen, haben wir Ihnen alle Zahlungen, die wir von Ihnen erhalten haben, einschlie\u00dflich der Lieferkosten (mit Ausnahme der zus\u00e4tzlichen Kosten, die sich daraus ergeben, dass Sie eine andere Art der Lieferung als die von uns angebotene, g\u00fcnstigste Standardlieferung gew\u00e4hlt haben), unverz\u00fcglich und sp\u00e4testens binnen vierzehn Tagen ab dem Tag zur\u00fcckzuzahlen, an dem die Mitteilung \u00fcber Ihren Widerruf dieses Vertrags bei uns eingegangen ist. F\u00fcr diese R\u00fcckzahlung verwenden wir dasselbe Zahlungsmittel, das Sie bei der urspr\u00fcnglichen Transaktion eingesetzt haben, es sei denn, mit Ihnen wurde ausdr\u00fccklich etwas anderes vereinbart; in keinem Fall werden Ihnen wegen dieser R\u00fcckzahlung Entgelte berechnet. Wir k\u00f6nnen die R\u00fcckzahlung verweigern, bis wir die Waren wieder zur\u00fcckerhalten haben oder bis Sie den Nachweis erbracht haben, dass Sie die Waren zur\u00fcckgesandt haben, je nachdem, welches der fr\u00fchere Zeitpunkt ist.<\/p>\n<p class=\"font_8\">Sie haben die Waren unverz\u00fcglich und in jedem Fall sp\u00e4testens binnen vierzehn Tagen ab dem Tag, an dem Sie uns \u00fcber den Widerruf dieses Vertrags unterrichten, an Banshee Bikes Europe, Ohmstr. 6, D-84051, Essenbach-Altheim zur\u00fcckzusenden. Die Frist ist gewahrt, wenn Sie die Waren vor Ablauf der Frist von vierzehn Tagen absenden.<\/p>\n<p class=\"font_8\">Sie m\u00fcssen f\u00fcr einen etwaigen Wertverlust der Waren nur aufkommen, wenn dieser Wertverlust auf einen zur Pr\u00fcfung der Beschaffenheit, Eigenschaften und Funktionsweise der Waren nicht notwendigen Umgang mit ihnen zur\u00fcckzuf\u00fchren ist.<\/p>\n<p class=\"font_8\">\n<p class=\"font_8\">\n<p class=\"font_8\">\u00a7 8 Rechtsordnung, Gerichtsstand<\/p>\n<p class=\"font_8\">\n<p class=\"font_8\">1. Es gilt deutsches Recht unter Ausschluss des UN-Kaufrechts.<\/p>\n<p class=\"font_8\">2. Alle Streitigkeiten aus diesem Rechtsverh\u00e4ltnis unterliegen dem Recht der Bundesrepublik Deutschland.<\/p>\n<p class=\"font_8\">\n<p class=\"font_8\">\n<p class=\"font_8\">\u00a7 9 Sonstiges<\/p>\n<p class=\"font_8\">\n<p class=\"font_8\">1. Die Vertragssprache ist Deutsch.<\/p>\n<p class=\"font_8\">2. Sind eine oder mehrere Regelungen dieser AGB unwirksam, so bleibt der Vertrag im \u00dcbrigen wirksam. Soweit die Bestimmungen unwirksam sind, richtet sich der Inhalt des Vertrages nach den gesetzlichen Vorschriften.<\/p>\n<p class=\"font_8\"><span class=\"wixGuard\">\u200b<\/span><\/p>\n<p class=\"font_8\">\n<p class=\"font_8\">\u00a7 10\u00a0Streitbeilegung<\/p>\n<p class=\"font_8\"><span class=\"wixGuard\">\u200b<\/span><\/p>\n<p class=\"font_8\">1. Die EU-Kommission stellt eine Online-Plattform zur Online-Streitbeilegung (OS-Plattform) bereit. Diese erreichen Sie \u00fcber nachfolgenden Link:<br \/>\n<a href=\"http:\/\/ec.europa.eu\/consumers\/odr\/\" target=\"_blank\" rel=\"noopener noreferrer\" data-content=\"http:\/\/ec.europa.eu\/consumers\/odr\/\" data-type=\"external\">http:\/\/ec.europa.eu\/consumers\/odr\/<\/a><\/p>\n<p class=\"font_8\">2. Zur Teilnahme an einem Streitbeilegungsverfahren vor einer Verbraucherschlichtungsstelle sind wir nicht verpflichtet und nicht bereit.<\/p>\n","protected":false},"excerpt":{"rendered":"<p>Allgemeine Gesch\u00e4ftsbedingungen: \u00a7 1 Geltungsbereich Die Lieferungen, Leistungen und Angebote des Verk\u00e4ufers erfolgen f\u00fcr private Endverbraucher und Unternehmer ausschlie\u00dflich auf Basis dieser Gesch\u00e4ftsbedingungen. \u00a7 2 Angebot und Vertragsschluss 1. Die Pr\u00e4sentation der Produkte im Online-Shop stellt kein rechtlich bindendes Vertragsangebot unsererseits, sondern lediglich einen unverbindlichen Online-Katalog dar. 2. Durch Anklicken der Schaltfl\u00e4che \u201ezahlungspflichtig bestellen\u201c geben [&hellip;]<\/p>\n","protected":false},"author":4,"featured_media":0,"parent":0,"menu_order":0,"comment_status":"closed","ping_status":"closed","template":"","meta":{"footnotes":""},"class_list":["post-4733","page","type-page","status-publish","hentry"],"acf":[],"_links":{"self":[{"href":"https:\/\/everyday26.de\/en\/wp-json\/wp\/v2\/pages\/4733","targetHints":{"allow":["GET"]}}],"collection":[{"href":"https:\/\/everyday26.de\/en\/wp-json\/wp\/v2\/pages"}],"about":[{"href":"https:\/\/everyday26.de\/en\/wp-json\/wp\/v2\/types\/page"}],"author":[{"embeddable":true,"href":"https:\/\/everyday26.de\/en\/wp-json\/wp\/v2\/users\/4"}],"replies":[{"embeddable":true,"href":"https:\/\/everyday26.de\/en\/wp-json\/wp\/v2\/comments?post=4733"}],"version-history":[{"count":0,"href":"https:\/\/everyday26.de\/en\/wp-json\/wp\/v2\/pages\/4733\/revisions"}],"wp:attachment":[{"href":"https:\/\/everyday26.de\/en\/wp-json\/wp\/v2\/media?parent=4733"}],"curies":[{"name":"wp","href":"https:\/\/api.w.org\/{rel}","templated":true}]}}