{"id":4732,"date":"2020-12-09T11:34:18","date_gmt":"2020-12-09T10:34:18","guid":{"rendered":"https:\/\/everyday26.de\/imprint\/"},"modified":"2020-12-09T11:34:18","modified_gmt":"2020-12-09T10:34:18","slug":"imprint","status":"publish","type":"page","link":"https:\/\/everyday26.de\/en\/imprint\/","title":{"rendered":"Imprint"},"content":{"rendered":"<p class=\"font_7\">IMPRESSUM:<\/p>\n<p class=\"font_7\"><span class=\"wixGuard\">\u200b<\/span><\/p>\n<p class=\"font_7\">Banshee Bikes Europe<\/p>\n<p class=\"font_7\">Inhaber: Bernhard Jacobi<\/p>\n<p class=\"font_7\">Ohmstr. 6<\/p>\n<p class=\"font_7\">84051 Essenbach \/ Altheim<\/p>\n<p class=\"font_7\">Germany<\/p>\n<p class=\"font_7\"><span class=\"wixGuard\">\u200b<\/span><\/p>\n<p class=\"font_7\">FON: +49 (0)8703 &#8211; 4656577<\/p>\n<p class=\"font_7\">MAIL:&nbsp;<a class=\"auto-generated-link\" href=\"mailto:info@everyday26.de\" data-auto-recognition=\"true\" data-content=\"info@everyday26.de\" data-type=\"mail\">info@everyday26.de<\/a><\/p>\n<p class=\"font_7\"><span class=\"wixGuard\">\u200b<\/span><\/p>\n<p class=\"font_7\">UST ID: DE269695180<\/p>\n<p class=\"font_7\"><span class=\"wixGuard\">\u200b<\/span><\/p>\n<p class=\"font_7\"><span class=\"wixGuard\">\u200b<\/span><\/p>\n<p class=\"font_8\">VERANTWORTLICH F\u00dcR DEN INHALT NACH \u00a7 55 ABS. 2 RSTV:<\/p>\n<p class=\"font_8\">Bernhard Jacobi<\/p>\n<p class=\"font_8\">\n<p class=\"font_8\">HAFTUNGSAUSSCHLUSS:<\/p>\n<p>HAFTUNG F\u00dcR INHALTE<br \/>\nDIE INHALTE UNSERER SEITEN WURDEN MIT GR\u00d6SSTER SORGFALT ERSTELLT. F\u00dcR DIE RICHTIGKEIT, VOLLST\u00c4NDIGKEIT UND AKTUALIT\u00c4T DER INHALTE K\u00d6NNEN WIR JEDOCH KEINE GEW\u00c4HR \u00dcBERNEHMEN. ALS DIENSTANBIETER SIND WIR GEM\u00c4SS \u00a7 7 ABS.1 TMG F\u00dcR EIGENE INHALTE AUF DIESEN SEITEN NACH DEN ALLGEMEINEN GESETZEN VERANTWORTLICH. NACH \u00a7\u00a7 8 BIS 10 TMG SIND WIR ALS DIENSTANBIETER JEDOCH NICHT VERPFLICHTET, \u00dcBERMITTELTE ODER GESPEICHERTE FREMDE INFORMATIONEN ZU \u00dcBERWACHEN ODER NACH UMST\u00c4NDEN ZU FORSCHEN, DIE AUF EINE RECHTSWIDRIGE T\u00c4TIGKEIT HINWEISEN. VERPFLICHTUNGEN ZUR ENTFERNUNG ODER SPERRUNG DER NUTZUNG VON INFORMATIONEN NACH DEN ALLGEMEINEN GESETZEN BLEIBEN HIERVON UNBER\u00dcHRT. EINE DIESBEZ\u00dcGLICHE HAFTUNG IST JEDOCH ERST AB DEM ZEITPUNKT DER KENNTNIS EINER KONKRETEN RECHTSVERLETZUNG M\u00d6GLICH. BEI BEKANNTWERDEN VON ENTSPRECHENDEN RECHTSVERLETZUNGEN WERDEN WIR DIESE INHALTE UMGEHEND ENTFERNEN.<\/p>\n<p class=\"font_8\">\u200b<\/p>\n<p class=\"font_8\">HAFTUNG F\u00dcR LINKS<br \/>\nUNSER ANGEBOT ENTH\u00c4LT LINKS ZU EXTERNEN WEBSEITEN DRITTER, AUF DEREN INHALTE WIR KEINEN EINFLUSS HABEN. DESHALB K\u00d6NNEN WIR F\u00dcR DIESE FREMDEN INHALTE AUCH KEINE GEW\u00c4HR \u00dcBERNEHMEN. F\u00dcR DIE INHALTE DER VERLINKTEN SEITEN IST STETS DER JEWEILIGE ANBIETER ODER BETREIBER DER SEITEN VERANTWORTLICH. DIE VERLINKTEN SEITEN WURDEN ZUM ZEITPUNKT DER VERLINKUNG AUF M\u00d6GLICHE RECHTSVERST\u00d6SSE \u00dcBERPR\u00dcFT. RECHTSWIDRIGE INHALTE WAREN ZUM ZEITPUNKT DER VERLINKUNG NICHT ERKENNBAR. EINE PERMANENTE INHALTLICHE KONTROLLE DER VERLINKTEN SEITEN IST JEDOCH OHNE KONKRETE ANHALTSPUNKTE EINER RECHTSVERLETZUNG NICHT ZUMUTBAR. BEI BEKANNTWERDEN VON RECHTSVERLETZUNGEN WERDEN WIR DERARTIGE LINKS UMGEHEND ENTFERNEN.<\/p>\n<p class=\"font_8\">\n<p class=\"font_8\">URHEBERRECHT<br \/>\nDIE DURCH DIE SEITENBETREIBER ERSTELLTEN INHALTE UND WERKE AUF DIESEN SEITEN UNTERLIEGEN DEM DEUTSCHEN URHEBERRECHT. DIE VERVIELF\u00c4LTIGUNG, BEARBEITUNG, VERBREITUNG UND JEDE ART DER VERWERTUNG AUSSERHALB DER GRENZEN DES URHEBERRECHTES BED\u00dcRFEN DER SCHRIFTLICHEN ZUSTIMMUNG DES JEWEILIGEN AUTORS BZW. ERSTELLERS. DOWNLOADS UND KOPIEN DIESER SEITE SIND NUR F\u00dcR DEN PRIVATEN, NICHT KOMMERZIELLEN GEBRAUCH GESTATTET. SOWEIT DIE INHALTE AUF DIESER SEITE NICHT VOM BETREIBER ERSTELLT WURDEN, WERDEN DIE URHEBERRECHTE DRITTER BEACHTET. INSBESONDERE WERDEN INHALTE DRITTER ALS SOLCHE GEKENNZEICHNET. SOLLTEN SIE TROTZDEM AUF EINE URHEBERRECHTSVERLETZUNG AUFMERKSAM WERDEN, BITTEN WIR UM EINEN ENTSPRECHENDEN HINWEIS. BEI BEKANNTWERDEN VON RECHTSVERLETZUNGEN WERDEN WIR DERARTIGE INHALTE UMGEHEND ENTFERNEN.<\/p>\n<p class=\"font_8\">\n<p class=\"font_8\">\n<p class=\"font_8\">\n<p class=\"font_8\"><span class=\"wixGuard\">\u200b<\/span><\/p>\n","protected":false},"excerpt":{"rendered":"<p>IMPRESSUM: \u200b Banshee Bikes Europe Inhaber: Bernhard Jacobi Ohmstr. 6 84051 Essenbach \/ Altheim Germany \u200b FON: +49 (0)8703 &#8211; 4656577 MAIL:&nbsp;info@everyday26.de \u200b UST ID: DE269695180 \u200b \u200b VERANTWORTLICH F\u00dcR DEN INHALT NACH \u00a7 55 ABS. 2 RSTV: Bernhard Jacobi HAFTUNGSAUSSCHLUSS: HAFTUNG F\u00dcR INHALTE DIE INHALTE UNSERER SEITEN WURDEN MIT GR\u00d6SSTER SORGFALT ERSTELLT. F\u00dcR DIE [&hellip;]<\/p>\n","protected":false},"author":4,"featured_media":0,"parent":0,"menu_order":0,"comment_status":"closed","ping_status":"open","template":"","meta":{"footnotes":""},"class_list":["post-4732","page","type-page","status-publish","hentry"],"acf":[],"_links":{"self":[{"href":"https:\/\/everyday26.de\/en\/wp-json\/wp\/v2\/pages\/4732","targetHints":{"allow":["GET"]}}],"collection":[{"href":"https:\/\/everyday26.de\/en\/wp-json\/wp\/v2\/pages"}],"about":[{"href":"https:\/\/everyday26.de\/en\/wp-json\/wp\/v2\/types\/page"}],"author":[{"embeddable":true,"href":"https:\/\/everyday26.de\/en\/wp-json\/wp\/v2\/users\/4"}],"replies":[{"embeddable":true,"href":"https:\/\/everyday26.de\/en\/wp-json\/wp\/v2\/comments?post=4732"}],"version-history":[{"count":0,"href":"https:\/\/everyday26.de\/en\/wp-json\/wp\/v2\/pages\/4732\/revisions"}],"wp:attachment":[{"href":"https:\/\/everyday26.de\/en\/wp-json\/wp\/v2\/media?parent=4732"}],"curies":[{"name":"wp","href":"https:\/\/api.w.org\/{rel}","templated":true}]}}