{"id":4731,"date":"2020-12-09T11:34:04","date_gmt":"2020-12-09T10:34:04","guid":{"rendered":"https:\/\/everyday26.de\/privacy-policy\/"},"modified":"2020-12-09T11:34:04","modified_gmt":"2020-12-09T10:34:04","slug":"privacy-policy","status":"publish","type":"page","link":"https:\/\/everyday26.de\/en\/privacy-policy\/","title":{"rendered":"Privacy policy"},"content":{"rendered":"<p class=\"font_8\">DATENSCHUTZ<br \/>\nDIE NUTZUNG UNSERER WEBSEITE IST IN DER REGEL OHNE ANGABE PERSONENBEZOGENER DATEN M\u00d6GLICH. SOWEIT AUF UNSEREN SEITEN PERSONENBEZOGENE DATEN (BEISPIELSWEISE NAME, ANSCHRIFT ODER EMAIL-ADRESSEN) ERHOBEN WERDEN, ERFOLGT DIES, SOWEIT M\u00d6GLICH, STETS AUF FREIWILLIGER BASIS. DIESE DATEN WERDEN OHNE IHRE AUSDR\u00dcCKLICHE ZUSTIMMUNG NICHT AN DRITTE WEITERGEGEBEN WIR WEISEN DARAUF HIN, DASS DIE DATEN\u00dcBERTRAGUNG IM INTERNET (Z.B. BEI DER KOMMUNIKATION PER E-MAIL) SICHERHEITSL\u00dcCKEN AUFWEISEN KANN. EIN L\u00dcCKENLOSER SCHUTZ DER DATEN VOR DEM ZUGRIFF DURCH DRITTE IST NICHT M\u00d6GLICH. DER NUTZUNG VON IM RAHMEN DER IMPRESSUMSPFLICHT VER\u00d6FFENTLICHTEN KONTAKTDATEN DURCH DRITTE ZUR \u00dcBERSENDUNG VON NICHT AUSDR\u00dcCKLICH ANGEFORDERTER WERBUNG UND INFORMATIONSMATERIALIEN WIRD HIERMIT AUSDR\u00dcCKLICH WIDERSPROCHEN. DIE BETREIBER DER SEITEN BEHALTEN SICH AUSDR\u00dcCKLICH RECHTLICHE SCHRITTE IM FALLE DER UNVERLANGTEN ZUSENDUNG VON WERBEINFORMATIONEN, ETWA DURCH SPAM-MAILS, VOR. DIESE WEBSITE BENUTZT GOOGLE ANALYTICS, EINEN WEBANALYSEDIENST DER GOOGLE INC. (\u00bbGOOGLE\u00ab) GOOGLE ANALYTICS VERWENDET SOG. \u00bbCOOKIES\u00ab, TEXTDATEIEN, DIE AUF IHREM COMPUTER GESPEICHERT WERDEN UND DIE IN EINE ANALYSE DER BENUTZUNG DER WEBSITE DURCH SIE ERM\u00d6GLICHT. DIE DURCH DEN COOKIE ERZEUGTEN INFORMATIONEN \u00dcBER IHRE BENUTZUNG DIESER WEBSITE (EINSCHLIESSLICH IHRER IP-ADRESSE) WIRD AN EINEN SERVER VON GOOGLE IN DEN USA \u00dcBERTRAGEN UND DORT GESPEICHERT. GOOGLE WIRD DIESE INFORMATIONEN BENUTZEN, UM IHRE NUTZUNG DER WEBSITE AUSZUWERTEN, UM REPORTS \u00dcBER DIE WEBSITEAKTIVIT\u00c4TEN F\u00dcR DIE WEBSITEBETREIBER ZUSAMMENZUSTELLEN UND UM WEITERE MIT DER WEBSITENUTZUNG UND DER INTERNETNUTZUNG VERBUNDENEN DIENSTLEISTUNGEN ZU ERBRINGEN. AUCH WIRD GOOGLE DIESE INFORMATIONEN GEGEBENENFALLS AN DRITTE \u00dcBERTRAGEN, SOFERN DIES GESETZLICH VORGESCHRIEBEN ODER SOWEIT DRITTE DIESE DATEN IM AUFTRAG VON GOOGLE VERARBEITEN. GOOGLE WIRD IN KEINEM FALL IHRE IP-ADRESSE MIT ANDEREN DATEN DER GOOGLE IN VERBINDUNG BRINGEN. SIE K\u00d6NNEN DIE INSTALLATION DER COOKIES DURCH EINE ENTSPRECHENDE EINSTELLUNG IHRER BROWSER SOFTWARE VERHINDERN; WIR WEISEN SIE JEDOCH DARAUF HIN, DASS SIE IN DIESEM FALL GEGEBENENFALLS NICHT S\u00c4MTLICHE FUNKTIONEN DIESER WEBSITE VOLL UMF\u00c4NGLICH NUTZEN K\u00d6NNEN. DURCH DIE NUTZUNG DIESER WEBSITE ERKL\u00c4REN SIE SICH MIT DER BEARBEITUNG DER \u00dcBER SIE ERHOBENEN DATEN DURCH GOOGLE IN DER ZUVOR BESCHRIEBENEN ART UND WEISE UND ZU DEM ZUVOR BENANNTEN ZWECK EINVERSTANDEN.<\/p>\n<p class=\"font_8\"><span class=\"wixGuard\">\u200b<\/span><\/p>\n","protected":false},"excerpt":{"rendered":"<p>DATENSCHUTZ DIE NUTZUNG UNSERER WEBSEITE IST IN DER REGEL OHNE ANGABE PERSONENBEZOGENER DATEN M\u00d6GLICH. SOWEIT AUF UNSEREN SEITEN PERSONENBEZOGENE DATEN (BEISPIELSWEISE NAME, ANSCHRIFT ODER EMAIL-ADRESSEN) ERHOBEN WERDEN, ERFOLGT DIES, SOWEIT M\u00d6GLICH, STETS AUF FREIWILLIGER BASIS. DIESE DATEN WERDEN OHNE IHRE AUSDR\u00dcCKLICHE ZUSTIMMUNG NICHT AN DRITTE WEITERGEGEBEN WIR WEISEN DARAUF HIN, DASS DIE DATEN\u00dcBERTRAGUNG IM INTERNET [&hellip;]<\/p>\n","protected":false},"author":4,"featured_media":0,"parent":0,"menu_order":0,"comment_status":"closed","ping_status":"closed","template":"","meta":{"footnotes":""},"class_list":["post-4731","page","type-page","status-publish","hentry"],"acf":[],"_links":{"self":[{"href":"https:\/\/everyday26.de\/en\/wp-json\/wp\/v2\/pages\/4731","targetHints":{"allow":["GET"]}}],"collection":[{"href":"https:\/\/everyday26.de\/en\/wp-json\/wp\/v2\/pages"}],"about":[{"href":"https:\/\/everyday26.de\/en\/wp-json\/wp\/v2\/types\/page"}],"author":[{"embeddable":true,"href":"https:\/\/everyday26.de\/en\/wp-json\/wp\/v2\/users\/4"}],"replies":[{"embeddable":true,"href":"https:\/\/everyday26.de\/en\/wp-json\/wp\/v2\/comments?post=4731"}],"version-history":[{"count":0,"href":"https:\/\/everyday26.de\/en\/wp-json\/wp\/v2\/pages\/4731\/revisions"}],"wp:attachment":[{"href":"https:\/\/everyday26.de\/en\/wp-json\/wp\/v2\/media?parent=4731"}],"curies":[{"name":"wp","href":"https:\/\/api.w.org\/{rel}","templated":true}]}}